{"id":935,"date":"2022-08-25T08:43:31","date_gmt":"2022-08-25T08:43:31","guid":{"rendered":"https:\/\/powerstaffing.se\/?page_id=935"},"modified":"2022-08-30T06:47:57","modified_gmt":"2022-08-30T06:47:57","slug":"gdpr-kakor","status":"publish","type":"page","link":"https:\/\/powerstaffing.se\/en\/gdpr-kakor\/","title":{"rendered":"GDPR &#038; kakor"},"content":{"rendered":"<div data-elementor-type=\"wp-page\" data-elementor-id=\"935\" class=\"elementor elementor-935\" data-elementor-post-type=\"page\">\n\t\t\t\t<div class=\"elementor-element elementor-element-87d473b e-con-full section e-flex e-con e-parent\" data-id=\"87d473b\" data-element_type=\"container\" data-settings=\"{&quot;background_background&quot;:&quot;classic&quot;}\">\n\t\t\t\t<\/div>\n\t\t<div class=\"elementor-element elementor-element-b992bfd section py-5 e-con-full e-flex e-con e-parent\" data-id=\"b992bfd\" data-element_type=\"container\">\n\t\t<div class=\"elementor-element elementor-element-f322293 e-con-full e-flex e-con e-parent\" data-id=\"f322293\" data-element_type=\"container\">\n\t\t\t\t<div class=\"elementor-element elementor-element-6bed904 elementor-widget elementor-widget-heading\" data-id=\"6bed904\" data-element_type=\"widget\" data-widget_type=\"heading.default\">\n\t\t\t\t<div class=\"elementor-widget-container\">\n\t\t\t\t\t<h2 class=\"elementor-heading-title elementor-size-default\">Personal data and data storage policy<\/h2>\t\t\t\t<\/div>\n\t\t\t\t<\/div>\n\t\t\t\t<div class=\"elementor-element elementor-element-3fb48f4 py-3 elementor-widget elementor-widget-text-editor\" data-id=\"3fb48f4\" data-element_type=\"widget\" data-widget_type=\"text-editor.default\">\n\t\t\t\t<div class=\"elementor-widget-container\">\n\t\t\t\t\t\t\t\t\t<p>This privacy and cookies policy informs you about how we use personal data submitted to us, or personal data collected by us online (using cookies). This policy is available at\u00a0<a href=\"https:\/\/powerstaffing.se\/en\/\">www.powerstaffing.se<\/a><\/p>\t\t\t\t\t\t\t\t<\/div>\n\t\t\t\t<\/div>\n\t\t\t\t<div class=\"elementor-element elementor-element-150df68 elementor-widget elementor-widget-text-editor\" data-id=\"150df68\" data-element_type=\"widget\" data-widget_type=\"text-editor.default\">\n\t\t\t\t<div class=\"elementor-widget-container\">\n\t\t\t\t\t\t\t\t\t<p>Power Staffing AB will always comply with applicable privacy laws, and will ensure that personal information is treated confidentially.<\/p>\n<p>Power Staffing AB will not, unless according to law or according to legally binding decisions from competent authorities, provide personal data to third parties without prior consent, unless specifically stated here.<\/p>\n<p><strong>Power Staffing AB will process the following personal data:&nbsp;<\/strong><\/p>\n<ul>\n<li>Name, address, phone number, social security number and email to process a request when you fill in forms on our website<\/li>\n<li>Your IP address to improve the use of our website<\/li>\n<li>If you contact Power Staffing AB, we store correspondence or comments, which may contain personal data, to provide better service if you contact Power Staffing AB again.<\/li>\n<\/ul>\n<p><strong><br>Legality of the process<\/strong><\/p>\n<p>Power Staffing AB will:<\/p>\n<ul>\n<li>Process your personal data legally, correctly and transparently.<\/li>\n<li>Collect your personal data for the stated and legitimate purposes set out in this policy, and will not process your personal data in any way that is inconsistent with those purposes.<\/li>\n<li>Collect and process personal data that is adequate, relevant and necessary for the purposes for which it is collected and used.<\/li>\n<li>Process your personal data only for as long as is necessary for the purposes for which it was collected.<\/li>\n<li>Take appropriate technical and organizational measures to prevent unauthorized access, illegal processing and unauthorized or accidental loss, destruction or damage to personal data, thereby ensuring an appropriate level of security.<\/li>\n<li>Take all reasonable steps to ensure that your personal data is accurate and updated without delay if Power Staffing AB is informed or otherwise becomes aware of incorrect information.<\/li>\n<li>Upon request, delete personal data without undue delay unless there are legal reasons to continue processing.<\/li>\n<li>When requested, limit the processing, unless there are legal reasons to continue the processing.<\/li>\n<li>On request, inform you about which personal data has been processed by Power Staffing AB in a customary and machine-readable form.<\/li>\n<\/ul>\n<p><strong><br>Legal basis for processing<\/strong><\/p>\n<p>Power Staffing AB collects and processes your personal data if and to the extent that you have given consent.<\/p>\n<p>If and to the extent that your request results in an agreement between You and Power Staffing AB, your personal information that was collected and processed when the request was made will be processed to the extent necessary to fulfill Power Staffing AB's obligations under the current agreement. r in and processes your personal data if and to the extent that you have given consent.<\/p>\n<p>Power Staffing AB will further process your personal data to the extent that Power Staffing AB is obliged to do so due to law or a decision from an authority.<\/p><p><strong>Personal data assistant<\/strong><\/p>\n<p>Power Staffing AB allows a personal data assistant to process all personal data by partly storing data and partly operating our systems. The personal data assistant may also read, organize and send personal data according to instructions from Power Staffing AB.<\/p>\n<p>The Personal Data Controller only processes your personal data on servers located within the border between the EU and the EEA and which are controlled by the Personal Data Controller.<\/p>\n<p><strong>Cookies \u2013 Are third parties regardless<\/strong><\/p>\n<p>Power Staffing AB uses cookies to provide a more user-friendly website. Cookies from third parties may also be used (e.g. Google Analytics or other tools) for analysis purposes and\/or improvement of traffic and visits.<\/p>\n<p>If you do not want cookies installed on your computer or want to limit the processing of such information, your browser may in some cases allow you to opt out or anonymize your IP address.<\/p>\n<p><strong>Security<\/strong><\/p>\n<p>Power Staffing AB ensures that appropriate technical and organizational measures are taken to protect your personal data against unauthorized access or destruction, illegal processing or accidental loss or damage.<\/p>\n<p>Power Staffing AB uses a secure server where your personal data is processed and limits access to personal data within the organization. Authorization to gain access to personal data is only given to individuals within the organization, as well as to the Personal Data Officer, with the sole purpose of enabling them to perform their duties.<\/p>\n<p><strong>Changes to this Privacy Policy<\/strong><\/p>\n<p>Power Staffing AB reserves the right to change this privacy policy as necessary, for example to comply with changes in laws and regulations. Such a change will be published on the Power Staffing AB website.<\/p>\t\t\t\t\t\t\t\t<\/div>\n\t\t\t\t<\/div>\n\t\t\t\t<\/div>\n\t\t<div class=\"elementor-element elementor-element-49620ec e-con-full e-flex e-con e-parent\" data-id=\"49620ec\" data-element_type=\"container\">\n\t\t\t\t<\/div>\n\t\t\t\t<\/div>\n\t\t\t\t<\/div>","protected":false},"excerpt":{"rendered":"<p>Personuppgifts- och datalagringspolicy Denna sekretess- och cookiespolicy informerar dig om hur vi anv\u00e4nder personuppgifter som l\u00e4mnas in till oss, eller personuppgifter som samlas in av oss online (med hj\u00e4lp av cookies). Denna policy \u00e4r tillg\u00e4nglig p\u00e5\u00a0www.powerstaffing.se Power Staffing AB kommer alltid att f\u00f6lja g\u00e4llande lagar om integritet, samt kommer att tillse att personlig information behandlas [&hellip;]<\/p>","protected":false},"author":1,"featured_media":0,"parent":0,"menu_order":0,"comment_status":"closed","ping_status":"closed","template":"elementor_header_footer","meta":{"footnotes":""},"class_list":["post-935","page","type-page","status-publish","hentry"],"_links":{"self":[{"href":"https:\/\/powerstaffing.se\/en\/wp-json\/wp\/v2\/pages\/935","targetHints":{"allow":["GET"]}}],"collection":[{"href":"https:\/\/powerstaffing.se\/en\/wp-json\/wp\/v2\/pages"}],"about":[{"href":"https:\/\/powerstaffing.se\/en\/wp-json\/wp\/v2\/types\/page"}],"author":[{"embeddable":true,"href":"https:\/\/powerstaffing.se\/en\/wp-json\/wp\/v2\/users\/1"}],"replies":[{"embeddable":true,"href":"https:\/\/powerstaffing.se\/en\/wp-json\/wp\/v2\/comments?post=935"}],"version-history":[{"count":10,"href":"https:\/\/powerstaffing.se\/en\/wp-json\/wp\/v2\/pages\/935\/revisions"}],"predecessor-version":[{"id":1400,"href":"https:\/\/powerstaffing.se\/en\/wp-json\/wp\/v2\/pages\/935\/revisions\/1400"}],"wp:attachment":[{"href":"https:\/\/powerstaffing.se\/en\/wp-json\/wp\/v2\/media?parent=935"}],"curies":[{"name":"wp","href":"https:\/\/api.w.org\/{rel}","templated":true}]}}