{"id":501,"date":"2022-08-22T08:04:14","date_gmt":"2022-08-22T08:04:14","guid":{"rendered":"https:\/\/powerstaffing.se\/?page_id=501"},"modified":"2022-08-30T06:13:54","modified_gmt":"2022-08-30T06:13:54","slug":"staffing","status":"publish","type":"page","link":"https:\/\/powerstaffing.se\/en\/staffing\/","title":{"rendered":"Staffing"},"content":{"rendered":"<div data-elementor-type=\"wp-page\" data-elementor-id=\"501\" class=\"elementor elementor-501\" data-elementor-post-type=\"page\">\n\t\t\t\t<div class=\"elementor-element elementor-element-6fa58da e-con-full section e-flex e-con e-parent\" data-id=\"6fa58da\" data-element_type=\"container\" data-settings=\"{&quot;background_background&quot;:&quot;classic&quot;}\">\n\t\t\t\t<\/div>\n\t\t<div class=\"elementor-element elementor-element-6157a6b section py-5 e-con-full e-flex e-con e-parent\" data-id=\"6157a6b\" data-element_type=\"container\">\n\t\t<div class=\"elementor-element elementor-element-d3dd13e e-con-full e-flex e-con e-parent\" data-id=\"d3dd13e\" data-element_type=\"container\">\n\t\t\t\t<div class=\"elementor-element elementor-element-14e40f9 elementor-widget elementor-widget-heading\" data-id=\"14e40f9\" data-element_type=\"widget\" data-widget_type=\"heading.default\">\n\t\t\t\t<div class=\"elementor-widget-container\">\n\t\t\t\t\t<h2 class=\"elementor-heading-title elementor-size-default\">Does your company need more manpower?<\/h2>\t\t\t\t<\/div>\n\t\t\t\t<\/div>\n\t\t\t\t<div class=\"elementor-element elementor-element-d0175b1 py-4 elementor-widget elementor-widget-text-editor\" data-id=\"d0175b1\" data-element_type=\"widget\" data-widget_type=\"text-editor.default\">\n\t\t\t\t<div class=\"elementor-widget-container\">\n\t\t\t\t\t\t\t\t\t<p>We help you and your company find qualified and certified labor both within Sweden and abroad.<\/p>\t\t\t\t\t\t\t\t<\/div>\n\t\t\t\t<\/div>\n\t\t\t\t<div class=\"elementor-element elementor-element-1ea86f5 elementor-widget elementor-widget-text-editor\" data-id=\"1ea86f5\" data-element_type=\"widget\" data-widget_type=\"text-editor.default\">\n\t\t\t\t<div class=\"elementor-widget-container\">\n\t\t\t\t\t\t\t\t\t<p>When you as a company encounter a larger project, you almost always have to increase the workforce within the company. We work with mediation of all types of professions, for example;<\/p><ul><li>Construction worker<\/li><li>Electrician<\/li><li>Flooring<\/li><li>Roofer<\/li><li>Plumbing<\/li><li>Building painter<\/li><li>Ventilation worker<\/li><li>Personnel for installation of wind turbines<\/li><li>5g installers (electricians)<\/li><li>Fiber worker<\/li><\/ul><div>\u00a0<\/div><p>When we provide labor for your company, we always give you a fixed price per hour, week or month. The price is then of course an \"all inclusive\" price that includes everything from taxes to travel and accommodation.<\/p>\t\t\t\t\t\t\t\t<\/div>\n\t\t\t\t<\/div>\n\t\t\t\t<\/div>\n\t\t<div class=\"elementor-element elementor-element-979746b e-con-full e-flex e-con e-parent\" data-id=\"979746b\" data-element_type=\"container\">\n\t\t\t\t<div class=\"elementor-element elementor-element-57898fb elementor-cta--skin-classic elementor-animated-content elementor-bg-transform elementor-bg-transform-zoom-in elementor-widget elementor-widget-call-to-action\" data-id=\"57898fb\" data-element_type=\"widget\" data-widget_type=\"call-to-action.default\">\n\t\t\t\t<div class=\"elementor-widget-container\">\n\t\t\t\t\t\t\t<div class=\"elementor-cta\">\n\t\t\t\t\t<div class=\"elementor-cta__bg-wrapper\">\n\t\t\t\t<div class=\"elementor-cta__bg elementor-bg\" style=\"background-image: url(https:\/\/powerstaffing.se\/wp-content\/uploads\/2022\/08\/AdobeStock_299147259-1024x683.jpeg);\" role=\"img\" aria-label=\"Wood Construction Worker. Caucasian Builder Wearing Safety Harness and the Wooden House Structure. Industrial Theme.\"><\/div>\n\t\t\t\t<div class=\"elementor-cta__bg-overlay\"><\/div>\n\t\t\t<\/div>\n\t\t\t\t\t\t\t<div class=\"elementor-cta__content\">\n\t\t\t\t\n\t\t\t\t\t\t\t\t\t<h2 class=\"elementor-cta__title elementor-cta__content-item elementor-content-item\">\n\t\t\t\t\t\tCurious?\t\t\t\t\t<\/h2>\n\t\t\t\t\n\t\t\t\t\t\t\t\t\t<div class=\"elementor-cta__description elementor-cta__content-item elementor-content-item\">\n\t\t\t\t\t\tGet in touch with us and we will help you find qualified labor for your company.\t\t\t\t\t<\/div>\n\t\t\t\t\n\t\t\t\t\t\t\t\t\t<div class=\"elementor-cta__button-wrapper elementor-cta__content-item elementor-content-item\">\n\t\t\t\t\t<a class=\"elementor-cta__button elementor-button elementor-size-\" href=\"https:\/\/powerstaffing.se\/en\/contact\/\">\n\t\t\t\t\t\tContact us\t\t\t\t\t<\/a>\n\t\t\t\t\t<\/div>\n\t\t\t\t\t\t\t<\/div>\n\t\t\t\t\t\t<\/div>\n\t\t\t\t\t\t<\/div>\n\t\t\t\t<\/div>\n\t\t\t\t<\/div>\n\t\t\t\t<\/div>\n\t\t\t\t<\/div>","protected":false},"excerpt":{"rendered":"<p>Har ditt f\u00f6retag behov av mer arbetskraft? Vi hj\u00e4lper dig och ditt f\u00f6retag med att hitta kvalificerad och certifierad arbetskraft b\u00e5de inom Sverige och utomlands. N\u00e4r man som f\u00f6retag st\u00f6ter p\u00e5 ett st\u00f6rre projekt m\u00e5ste man n\u00e4stan alltid \u00f6ka arbetskraften inom bolaget. Vi arbetar med f\u00f6rmedling av alla typer av yrken, exempelvis; Byggnadsarbetare Elektriker Golvl\u00e4ggare [&hellip;]<\/p>","protected":false},"author":1,"featured_media":0,"parent":0,"menu_order":0,"comment_status":"closed","ping_status":"closed","template":"","meta":{"footnotes":""},"class_list":["post-501","page","type-page","status-publish","hentry"],"_links":{"self":[{"href":"https:\/\/powerstaffing.se\/en\/wp-json\/wp\/v2\/pages\/501","targetHints":{"allow":["GET"]}}],"collection":[{"href":"https:\/\/powerstaffing.se\/en\/wp-json\/wp\/v2\/pages"}],"about":[{"href":"https:\/\/powerstaffing.se\/en\/wp-json\/wp\/v2\/types\/page"}],"author":[{"embeddable":true,"href":"https:\/\/powerstaffing.se\/en\/wp-json\/wp\/v2\/users\/1"}],"replies":[{"embeddable":true,"href":"https:\/\/powerstaffing.se\/en\/wp-json\/wp\/v2\/comments?post=501"}],"version-history":[{"count":43,"href":"https:\/\/powerstaffing.se\/en\/wp-json\/wp\/v2\/pages\/501\/revisions"}],"predecessor-version":[{"id":1397,"href":"https:\/\/powerstaffing.se\/en\/wp-json\/wp\/v2\/pages\/501\/revisions\/1397"}],"wp:attachment":[{"href":"https:\/\/powerstaffing.se\/en\/wp-json\/wp\/v2\/media?parent=501"}],"curies":[{"name":"wp","href":"https:\/\/api.w.org\/{rel}","templated":true}]}}