{"id":496,"date":"2022-08-22T08:03:15","date_gmt":"2022-08-22T08:03:15","guid":{"rendered":"https:\/\/powerstaffing.se\/?page_id=496"},"modified":"2022-10-06T11:48:07","modified_gmt":"2022-10-06T11:48:07","slug":"housing","status":"publish","type":"page","link":"https:\/\/powerstaffing.se\/en\/housing\/","title":{"rendered":"Housing"},"content":{"rendered":"<div data-elementor-type=\"wp-page\" data-elementor-id=\"496\" class=\"elementor elementor-496\" data-elementor-post-type=\"page\">\n\t\t\t\t<div class=\"elementor-element elementor-element-9a3293f e-con-full section e-flex e-con e-parent\" data-id=\"9a3293f\" data-element_type=\"container\" data-settings=\"{&quot;background_background&quot;:&quot;classic&quot;}\">\n\t\t\t\t<\/div>\n\t\t<div class=\"elementor-element elementor-element-53f2b04 section py-5 e-con-full e-flex e-con e-parent\" data-id=\"53f2b04\" data-element_type=\"container\">\n\t\t<div class=\"elementor-element elementor-element-c92fa04 e-con-full e-flex e-con e-parent\" data-id=\"c92fa04\" data-element_type=\"container\">\n\t\t\t\t<div class=\"elementor-element elementor-element-cbe7185 elementor-widget elementor-widget-heading\" data-id=\"cbe7185\" data-element_type=\"widget\" data-widget_type=\"heading.default\">\n\t\t\t\t<div class=\"elementor-widget-container\">\n\t\t\t\t\t<h2 class=\"elementor-heading-title elementor-size-default\">Are you looking for accommodation?<\/h2>\t\t\t\t<\/div>\n\t\t\t\t<\/div>\n\t\t\t\t<div class=\"elementor-element elementor-element-70fa6b4 py-4 elementor-widget elementor-widget-text-editor\" data-id=\"70fa6b4\" data-element_type=\"widget\" data-widget_type=\"text-editor.default\">\n\t\t\t\t<div class=\"elementor-widget-container\">\n\t\t\t\t\t\t\t\t\t<p>With Power Staffing, it is easy to find modern and affordable accommodation. We rent out furnished apartments and villas to companies throughout Sweden.\u00a0<\/p>\t\t\t\t\t\t\t\t<\/div>\n\t\t\t\t<\/div>\n\t\t\t\t<div class=\"elementor-element elementor-element-eab920b elementor-widget elementor-widget-text-editor\" data-id=\"eab920b\" data-element_type=\"widget\" data-widget_type=\"text-editor.default\">\n\t\t\t\t<div class=\"elementor-widget-container\">\n\t\t\t\t\t\t\t\t\t<p>All our accommodation is fully furnished and equipped for self-catering with kitchen, Wi-Fi, TV, washing machine (access to washing machine), towels, bed linen - everything you need to feel at home.\u00a0<\/p><p>Our goal is to arrange so that our guests need to think as little as possible about their accommodation and can instead relax and concentrate on their work. For that reason, we help with everything from recommending and booking accommodation to property maintenance and cleaning.\u00a0<\/p><p>You always rent for exactly the time you want. One night, a few weeks or a few months. Very easy, right?<\/p>\t\t\t\t\t\t\t\t<\/div>\n\t\t\t\t<\/div>\n\t\t\t\t<\/div>\n\t\t<div class=\"elementor-element elementor-element-2d6db10 e-con-full e-flex e-con e-parent\" data-id=\"2d6db10\" data-element_type=\"container\">\n\t\t\t\t<div class=\"elementor-element elementor-element-ed34845 elementor-cta--skin-classic elementor-animated-content elementor-bg-transform elementor-bg-transform-zoom-in elementor-widget elementor-widget-call-to-action\" data-id=\"ed34845\" data-element_type=\"widget\" data-widget_type=\"call-to-action.default\">\n\t\t\t\t<div class=\"elementor-widget-container\">\n\t\t\t\t\t\t\t<div class=\"elementor-cta\">\n\t\t\t\t\t<div class=\"elementor-cta__bg-wrapper\">\n\t\t\t\t<div class=\"elementor-cta__bg elementor-bg\" style=\"background-image: url(https:\/\/powerstaffing.se\/wp-content\/uploads\/2022\/08\/AdobeStock_499419164-1024x683.jpeg);\" role=\"img\" aria-label=\"Towels and bedding on double beds in dormitories or guesthouse rooms that are empty, devoid of people. The global pandemic crisis has been canceled.\"><\/div>\n\t\t\t\t<div class=\"elementor-cta__bg-overlay\"><\/div>\n\t\t\t<\/div>\n\t\t\t\t\t\t\t<div class=\"elementor-cta__content\">\n\t\t\t\t\n\t\t\t\t\t\t\t\t\t<h2 class=\"elementor-cta__title elementor-cta__content-item elementor-content-item\">\n\t\t\t\t\t\tRequest for interest accommodation\t\t\t\t\t<\/h2>\n\t\t\t\t\n\t\t\t\t\t\t\t\t\t<div class=\"elementor-cta__description elementor-cta__content-item elementor-content-item\">\n\t\t\t\t\t\tContact us and we will help you find accommodation near your workplace.\t\t\t\t\t<\/div>\n\t\t\t\t\n\t\t\t\t\t\t\t\t\t<div class=\"elementor-cta__button-wrapper elementor-cta__content-item elementor-content-item\">\n\t\t\t\t\t<a class=\"elementor-cta__button elementor-button elementor-size-\" href=\"https:\/\/powerstaffing.se\/en\/contact\/\" target=\"_blank\">\n\t\t\t\t\t\tContact us\t\t\t\t\t<\/a>\n\t\t\t\t\t<\/div>\n\t\t\t\t\t\t\t<\/div>\n\t\t\t\t\t\t<\/div>\n\t\t\t\t\t\t<\/div>\n\t\t\t\t<\/div>\n\t\t\t\t<\/div>\n\t\t\t\t<\/div>\n\t\t\t\t<\/div>","protected":false},"excerpt":{"rendered":"<p>Letar du efter ett boende? Med Power Staffing \u00e4r det l\u00e4tt att hitta modernt och prisv\u00e4rt boende. Vi hyr ut m\u00f6blerade l\u00e4genheter och villor till f\u00f6retag i hela Sverige.\u00a0 Alla v\u00e5ra boenden \u00e4r fullt m\u00f6blerade och utrustade f\u00f6r sj\u00e4lvhush\u00e5ll med k\u00f6k, Wi-Fi, TV, tv\u00e4ttmaskin (tillg\u00e5ng till tv\u00e4ttmaskin), handdukar, s\u00e4ngkl\u00e4der \u2013 allt du beh\u00f6ver f\u00f6r att [&hellip;]<\/p>","protected":false},"author":1,"featured_media":0,"parent":0,"menu_order":0,"comment_status":"closed","ping_status":"closed","template":"elementor_header_footer","meta":{"footnotes":""},"class_list":["post-496","page","type-page","status-publish","hentry"],"_links":{"self":[{"href":"https:\/\/powerstaffing.se\/en\/wp-json\/wp\/v2\/pages\/496","targetHints":{"allow":["GET"]}}],"collection":[{"href":"https:\/\/powerstaffing.se\/en\/wp-json\/wp\/v2\/pages"}],"about":[{"href":"https:\/\/powerstaffing.se\/en\/wp-json\/wp\/v2\/types\/page"}],"author":[{"embeddable":true,"href":"https:\/\/powerstaffing.se\/en\/wp-json\/wp\/v2\/users\/1"}],"replies":[{"embeddable":true,"href":"https:\/\/powerstaffing.se\/en\/wp-json\/wp\/v2\/comments?post=496"}],"version-history":[{"count":121,"href":"https:\/\/powerstaffing.se\/en\/wp-json\/wp\/v2\/pages\/496\/revisions"}],"predecessor-version":[{"id":1528,"href":"https:\/\/powerstaffing.se\/en\/wp-json\/wp\/v2\/pages\/496\/revisions\/1528"}],"wp:attachment":[{"href":"https:\/\/powerstaffing.se\/en\/wp-json\/wp\/v2\/media?parent=496"}],"curies":[{"name":"wp","href":"https:\/\/api.w.org\/{rel}","templated":true}]}}