{"id":262,"date":"2022-07-09T14:11:38","date_gmt":"2022-07-09T14:11:38","guid":{"rendered":"https:\/\/powerstaffing.se\/?page_id=262"},"modified":"2024-04-10T08:12:23","modified_gmt":"2024-04-10T08:12:23","slug":"contact","status":"publish","type":"page","link":"https:\/\/powerstaffing.se\/en\/contact\/","title":{"rendered":"Contact"},"content":{"rendered":"<div data-elementor-type=\"wp-page\" data-elementor-id=\"262\" class=\"elementor elementor-262\" data-elementor-post-type=\"page\">\n\t\t\t\t<div class=\"elementor-element elementor-element-055d8a6 e-con-full section e-flex e-con e-parent\" data-id=\"055d8a6\" data-element_type=\"container\" data-settings=\"{&quot;background_background&quot;:&quot;classic&quot;}\">\n\t\t\t\t<\/div>\n\t\t<div class=\"elementor-element elementor-element-7302ba3 e-con-full section py-5 e-flex e-con e-parent\" data-id=\"7302ba3\" data-element_type=\"container\">\n\t\t<div class=\"elementor-element elementor-element-7b80e2f e-con-full e-flex e-con e-child\" data-id=\"7b80e2f\" data-element_type=\"container\">\n\t\t\t\t<div class=\"elementor-element elementor-element-fc8e58c elementor-widget elementor-widget-heading\" data-id=\"fc8e58c\" data-element_type=\"widget\" data-widget_type=\"heading.default\">\n\t\t\t\t<div class=\"elementor-widget-container\">\n\t\t\t\t\t<h2 class=\"elementor-heading-title elementor-size-default\">Contact us<\/h2>\t\t\t\t<\/div>\n\t\t\t\t<\/div>\n\t\t\t\t<div class=\"elementor-element elementor-element-cf936d9 py-4 elementor-widget elementor-widget-text-editor\" data-id=\"cf936d9\" data-element_type=\"widget\" data-widget_type=\"text-editor.default\">\n\t\t\t\t<div class=\"elementor-widget-container\">\n\t\t\t\t\t\t\t\t\t<p>Har du fr\u00e5gor eller vill du g\u00f6ra en bokning? H\u00f6r av dig till oss s\u00e5 hj\u00e4lper vi dig att hitta r\u00e4tt.<\/p>\t\t\t\t\t\t\t\t<\/div>\n\t\t\t\t<\/div>\n\t\t\t\t<div class=\"elementor-element elementor-element-9c1fe49 py-4 elementor-widget elementor-widget-heading\" data-id=\"9c1fe49\" data-element_type=\"widget\" data-widget_type=\"heading.default\">\n\t\t\t\t<div class=\"elementor-widget-container\">\n\t\t\t\t\t<h4 class=\"elementor-heading-title elementor-size-default\">Company details<\/h4>\t\t\t\t<\/div>\n\t\t\t\t<\/div>\n\t\t\t\t<div class=\"elementor-element elementor-element-24181fa elementor-widget elementor-widget-text-editor\" data-id=\"24181fa\" data-element_type=\"widget\" data-widget_type=\"text-editor.default\">\n\t\t\t\t<div class=\"elementor-widget-container\">\n\t\t\t\t\t\t\t\t\t<p><b>Power Staffing AB<br \/><\/b>\u00d6stra All\u00e9n 25<br \/>254 51 Helsingborg<\/p><p><strong>E-post:<\/strong> info@powerstaffing.se<br \/><strong>Organisationsnummer:<\/strong> 559281-6374<\/p>\t\t\t\t\t\t\t\t<\/div>\n\t\t\t\t<\/div>\n\t\t<div class=\"elementor-element elementor-element-7b70f77 e-con-full pt-4 e-flex e-con e-child\" data-id=\"7b70f77\" data-element_type=\"container\">\n\t\t\t\t<div class=\"elementor-element elementor-element-49f7373 elementor-position-left elementor-widget-mobile__width-inherit elementor-vertical-align-top elementor-widget elementor-widget-image-box\" data-id=\"49f7373\" data-element_type=\"widget\" data-widget_type=\"image-box.default\">\n\t\t\t\t<div class=\"elementor-widget-container\">\n\t\t\t\t\t<div class=\"elementor-image-box-wrapper\"><figure class=\"elementor-image-box-img\"><img fetchpriority=\"high\" decoding=\"async\" width=\"2107\" height=\"2107\" src=\"https:\/\/powerstaffing.se\/wp-content\/uploads\/2022\/08\/Micke_sv.png\" class=\"attachment-full size-full wp-image-1478\" alt=\"\" srcset=\"https:\/\/powerstaffing.se\/wp-content\/uploads\/2022\/08\/Micke_sv.png 2107w, https:\/\/powerstaffing.se\/wp-content\/uploads\/2022\/08\/Micke_sv-300x300.png 300w, https:\/\/powerstaffing.se\/wp-content\/uploads\/2022\/08\/Micke_sv-1024x1024.png 1024w, https:\/\/powerstaffing.se\/wp-content\/uploads\/2022\/08\/Micke_sv-150x150.png 150w, https:\/\/powerstaffing.se\/wp-content\/uploads\/2022\/08\/Micke_sv-768x768.png 768w, https:\/\/powerstaffing.se\/wp-content\/uploads\/2022\/08\/Micke_sv-1536x1536.png 1536w, https:\/\/powerstaffing.se\/wp-content\/uploads\/2022\/08\/Micke_sv-2048x2048.png 2048w, https:\/\/powerstaffing.se\/wp-content\/uploads\/2022\/08\/Micke_sv-12x12.png 12w\" sizes=\"(max-width: 2107px) 100vw, 2107px\" \/><\/figure><div class=\"elementor-image-box-content\"><h3 class=\"elementor-image-box-title\">Micke Hagerman<\/h3><p class=\"elementor-image-box-description\">+46(0)73-5858778<br>\nmicke@powerstaffing.se<\/p><\/div><\/div>\t\t\t\t<\/div>\n\t\t\t\t<\/div>\n\t\t\t\t<\/div>\n\t\t\t\t<\/div>\n\t\t<div class=\"elementor-element elementor-element-29fc337 e-con-full e-flex e-con e-child\" data-id=\"29fc337\" data-element_type=\"container\" data-settings=\"{&quot;background_background&quot;:&quot;classic&quot;}\">\n\t\t\t\t<div class=\"elementor-element elementor-element-b812431 elementor-widget elementor-widget-text-editor\" data-id=\"b812431\" data-element_type=\"widget\" data-widget_type=\"text-editor.default\">\n\t\t\t\t<div class=\"elementor-widget-container\">\n\t\t\t\t\t\t\t\t\t<p>We usually respond within a couple of hours, weekdays 8am-5pm.<\/p>\t\t\t\t\t\t\t\t<\/div>\n\t\t\t\t<\/div>\n\t\t\t\t<div class=\"elementor-element elementor-element-25a9d2d elementor-button-align-start elementor-widget elementor-widget-form\" data-id=\"25a9d2d\" data-element_type=\"widget\" data-settings=\"{&quot;step_next_label&quot;:&quot;N\\u00e4sta&quot;,&quot;step_previous_label&quot;:&quot;F\\u00f6reg\\u00e5ende&quot;,&quot;step_type&quot;:&quot;number_text&quot;,&quot;step_icon_shape&quot;:&quot;circle&quot;}\" data-widget_type=\"form.default\">\n\t\t\t\t<div class=\"elementor-widget-container\">\n\t\t\t\t\t\t\t<form class=\"elementor-form\" method=\"post\" name=\"Nytt formul\u00e4r\" action=\"\">\n\t\t\t<input type=\"hidden\" name=\"post_id\" value=\"262\"\/>\n\t\t\t<input type=\"hidden\" name=\"form_id\" value=\"25a9d2d\"\/>\n\t\t\t<input type=\"hidden\" name=\"referer_title\" value=\"\" \/>\n\n\t\t\t\n\t\t\t<div class=\"elementor-form-fields-wrapper elementor-labels-\">\n\t\t\t\t\t\t\t\t<div class=\"elementor-field-type-text elementor-field-group elementor-column elementor-field-group-name elementor-col-100\">\n\t\t\t\t\t\t\t\t\t\t\t\t<label for=\"form-field-name\" class=\"elementor-field-label elementor-screen-only\">\n\t\t\t\t\t\t\t\tName\t\t\t\t\t\t\t<\/label>\n\t\t\t\t\t\t\t\t\t\t\t\t\t\t<input size=\"1\" type=\"text\" name=\"form_fields[name]\" id=\"form-field-name\" class=\"elementor-field elementor-size-sm  elementor-field-textual\" placeholder=\"Name\">\n\t\t\t\t\t\t\t\t\t\t\t<\/div>\n\t\t\t\t\t\t\t\t<div class=\"elementor-field-type-email elementor-field-group elementor-column elementor-field-group-email elementor-col-100 elementor-field-required\">\n\t\t\t\t\t\t\t\t\t\t\t\t<label for=\"form-field-email\" class=\"elementor-field-label elementor-screen-only\">\n\t\t\t\t\t\t\t\tEmail\t\t\t\t\t\t\t<\/label>\n\t\t\t\t\t\t\t\t\t\t\t\t\t\t<input size=\"1\" type=\"email\" name=\"form_fields[email]\" id=\"form-field-email\" class=\"elementor-field elementor-size-sm  elementor-field-textual\" placeholder=\"Email\" required=\"required\" aria-required=\"true\">\n\t\t\t\t\t\t\t\t\t\t\t<\/div>\n\t\t\t\t\t\t\t\t<div class=\"elementor-field-type-text elementor-field-group elementor-column elementor-field-group-field_ee7d02f elementor-col-100\">\n\t\t\t\t\t\t\t\t\t\t\t\t<label for=\"form-field-field_ee7d02f\" class=\"elementor-field-label elementor-screen-only\">\n\t\t\t\t\t\t\t\tPhone\t\t\t\t\t\t\t<\/label>\n\t\t\t\t\t\t\t\t\t\t\t\t\t\t<input size=\"1\" type=\"text\" name=\"form_fields[field_ee7d02f]\" id=\"form-field-field_ee7d02f\" class=\"elementor-field elementor-size-sm  elementor-field-textual\" placeholder=\"Phone\">\n\t\t\t\t\t\t\t\t\t\t\t<\/div>\n\t\t\t\t\t\t\t\t<div class=\"elementor-field-type-textarea elementor-field-group elementor-column elementor-field-group-message elementor-col-100 elementor-field-required\">\n\t\t\t\t\t\t\t\t\t\t\t\t<label for=\"form-field-message\" class=\"elementor-field-label elementor-screen-only\">\n\t\t\t\t\t\t\t\tMessage\t\t\t\t\t\t\t<\/label>\n\t\t\t\t\t\t<textarea class=\"elementor-field-textual elementor-field  elementor-size-sm\" name=\"form_fields[message]\" id=\"form-field-message\" rows=\"11\" placeholder=\"Message\" required=\"required\" aria-required=\"true\"><\/textarea>\t\t\t\t<\/div>\n\t\t\t\t\t\t\t\t<div class=\"elementor-field-group elementor-column elementor-field-type-submit elementor-col-100 e-form__buttons\">\n\t\t\t\t\t<button class=\"elementor-button elementor-size-sm\" type=\"submit\">\n\t\t\t\t\t\t<span class=\"elementor-button-content-wrapper\">\n\t\t\t\t\t\t\t\t\t\t\t\t\t\t\t\t\t\t\t\t\t\t<span class=\"elementor-button-text\">Send message<\/span>\n\t\t\t\t\t\t\t\t\t\t\t\t\t<\/span>\n\t\t\t\t\t<\/button>\n\t\t\t\t<\/div>\n\t\t\t<\/div>\n\t\t<input type=\"hidden\" name=\"trp-form-language\" value=\"en\"\/><\/form>\n\t\t\t\t\t\t<\/div>\n\t\t\t\t<\/div>\n\t\t\t\t<\/div>\n\t\t\t\t<\/div>\n\t\t<div class=\"elementor-element elementor-element-2f751ab section py-4 e-con-full e-flex e-con e-parent\" data-id=\"2f751ab\" data-element_type=\"container\" data-settings=\"{&quot;background_background&quot;:&quot;classic&quot;}\">\n\t\t\t\t<div class=\"elementor-element elementor-element-cf04943 elementor-widget elementor-widget-google_maps\" data-id=\"cf04943\" data-element_type=\"widget\" data-widget_type=\"google_maps.default\">\n\t\t\t\t<div class=\"elementor-widget-container\">\n\t\t\t\t\t\t\t<div class=\"elementor-custom-embed\">\n\t\t\t<iframe loading=\"lazy\"\n\t\t\t\t\tsrc=\"https:\/\/maps.google.com\/maps?q=%C3%96stra%20All%C3%A9n%2025%2C%20254%2051%20Helsingborg&#038;t=m&#038;z=16&#038;output=embed&#038;iwloc=near\"\n\t\t\t\t\ttitle=\"\u00d6stra All\u00e9n 25, 254 51 Helsingborg\"\n\t\t\t\t\taria-label=\"\u00d6stra All\u00e9n 25, 254 51 Helsingborg\"\n\t\t\t><\/iframe>\n\t\t<\/div>\n\t\t\t\t\t\t<\/div>\n\t\t\t\t<\/div>\n\t\t\t\t<\/div>\n\t\t\t\t<\/div>","protected":false},"excerpt":{"rendered":"<p>Kontakta oss Har du fr\u00e5gor eller vill du g\u00f6ra en bokning? H\u00f6r av dig till oss s\u00e5 hj\u00e4lper vi dig att hitta r\u00e4tt. F\u00f6retagsuppgifter Power Staffing AB\u00d6stra All\u00e9n 25254 51 Helsingborg E-post: info@powerstaffing.seOrganisationsnummer: 559281-6374 Micke Hagerman +46(0)73-5858778 micke@powerstaffing.se Vi svarar vanligtvis inom ett par timmar, vardagar 8-17.<\/p>","protected":false},"author":1,"featured_media":0,"parent":0,"menu_order":0,"comment_status":"closed","ping_status":"closed","template":"elementor_header_footer","meta":{"footnotes":""},"class_list":["post-262","page","type-page","status-publish","hentry"],"_links":{"self":[{"href":"https:\/\/powerstaffing.se\/en\/wp-json\/wp\/v2\/pages\/262","targetHints":{"allow":["GET"]}}],"collection":[{"href":"https:\/\/powerstaffing.se\/en\/wp-json\/wp\/v2\/pages"}],"about":[{"href":"https:\/\/powerstaffing.se\/en\/wp-json\/wp\/v2\/types\/page"}],"author":[{"embeddable":true,"href":"https:\/\/powerstaffing.se\/en\/wp-json\/wp\/v2\/users\/1"}],"replies":[{"embeddable":true,"href":"https:\/\/powerstaffing.se\/en\/wp-json\/wp\/v2\/comments?post=262"}],"version-history":[{"count":206,"href":"https:\/\/powerstaffing.se\/en\/wp-json\/wp\/v2\/pages\/262\/revisions"}],"predecessor-version":[{"id":1589,"href":"https:\/\/powerstaffing.se\/en\/wp-json\/wp\/v2\/pages\/262\/revisions\/1589"}],"wp:attachment":[{"href":"https:\/\/powerstaffing.se\/en\/wp-json\/wp\/v2\/media?parent=262"}],"curies":[{"name":"wp","href":"https:\/\/api.w.org\/{rel}","templated":true}]}}