{"id":1311,"date":"2022-08-29T08:52:35","date_gmt":"2022-08-29T08:52:35","guid":{"rendered":"https:\/\/powerstaffing.se\/?page_id=1311"},"modified":"2022-08-31T08:00:35","modified_gmt":"2022-08-31T08:00:35","slug":"terms-tenants","status":"publish","type":"page","link":"https:\/\/powerstaffing.se\/en\/terms-tenants\/","title":{"rendered":"Terms Tenants"},"content":{"rendered":"<div data-elementor-type=\"wp-page\" data-elementor-id=\"1311\" class=\"elementor elementor-1311\" data-elementor-post-type=\"page\">\n\t\t\t\t<div class=\"elementor-element elementor-element-096b5ea e-con-full section e-flex e-con e-parent\" data-id=\"096b5ea\" data-element_type=\"container\" data-settings=\"{&quot;background_background&quot;:&quot;classic&quot;}\">\n\t\t\t\t<\/div>\n\t\t<div class=\"elementor-element elementor-element-791e82a section py-5 e-con-full e-flex e-con e-parent\" data-id=\"791e82a\" data-element_type=\"container\">\n\t\t<div class=\"elementor-element elementor-element-f730db5 e-con-full e-flex e-con e-parent\" data-id=\"f730db5\" data-element_type=\"container\">\n\t\t\t\t<div class=\"elementor-element elementor-element-75de0df elementor-widget elementor-widget-heading\" data-id=\"75de0df\" data-element_type=\"widget\" data-widget_type=\"heading.default\">\n\t\t\t\t<div class=\"elementor-widget-container\">\n\t\t\t\t\t<h2 class=\"elementor-heading-title elementor-size-default\">General terms and conditions for tenants<\/h2>\t\t\t\t<\/div>\n\t\t\t\t<\/div>\n\t\t\t\t<div class=\"elementor-element elementor-element-c737b68 py-3 elementor-widget elementor-widget-text-editor\" data-id=\"c737b68\" data-element_type=\"widget\" data-widget_type=\"text-editor.default\">\n\t\t\t\t<div class=\"elementor-widget-container\">\n\t\t\t\t\t\t\t\t\t<p>When you use one of our services, you automatically accept our general terms and conditions.<\/p>\t\t\t\t\t\t\t\t<\/div>\n\t\t\t\t<\/div>\n\t\t\t\t<div class=\"elementor-element elementor-element-d878a8d elementor-widget elementor-widget-accordion\" data-id=\"d878a8d\" data-element_type=\"widget\" data-widget_type=\"accordion.default\">\n\t\t\t\t<div class=\"elementor-widget-container\">\n\t\t\t\t\t\t\t<div class=\"elementor-accordion\">\n\t\t\t\t\t\t\t<div class=\"elementor-accordion-item\">\n\t\t\t\t\t<div id=\"elementor-tab-title-2261\" class=\"elementor-tab-title\" data-tab=\"1\" role=\"button\" aria-controls=\"elementor-tab-content-2261\" aria-expanded=\"false\">\n\t\t\t\t\t\t\t\t\t\t\t\t\t<span class=\"elementor-accordion-icon elementor-accordion-icon-right\" aria-hidden=\"true\">\n\t\t\t\t\t\t\t\t\t\t\t\t\t\t\t<span class=\"elementor-accordion-icon-closed\"><i class=\"fas fa-plus-circle\"><\/i><\/span>\n\t\t\t\t\t\t\t\t<span class=\"elementor-accordion-icon-opened\"><i class=\"fas fa-minus-circle\"><\/i><\/span>\n\t\t\t\t\t\t\t\t\t\t\t\t\t\t<\/span>\n\t\t\t\t\t\t\t\t\t\t\t\t<a class=\"elementor-accordion-title\" tabindex=\"0\">1. Agreement \/ Lease<\/a>\n\t\t\t\t\t<\/div>\n\t\t\t\t\t<div id=\"elementor-tab-content-2261\" class=\"elementor-tab-content elementor-clearfix\" data-tab=\"1\" role=\"region\" aria-labelledby=\"elementor-tab-title-2261\"><p>Power Staffing AB always draws up the rental contract. The rental contract is drawn up in two identical copies, one of which is kept by the landlord and the other by the tenant. All contracts are always signed by both parties. Rent is not paid until a rental contract is signed by both parties.<\/p><\/div>\n\t\t\t\t<\/div>\n\t\t\t\t\t\t\t<div class=\"elementor-accordion-item\">\n\t\t\t\t\t<div id=\"elementor-tab-title-2262\" class=\"elementor-tab-title\" data-tab=\"2\" role=\"button\" aria-controls=\"elementor-tab-content-2262\" aria-expanded=\"false\">\n\t\t\t\t\t\t\t\t\t\t\t\t\t<span class=\"elementor-accordion-icon elementor-accordion-icon-right\" aria-hidden=\"true\">\n\t\t\t\t\t\t\t\t\t\t\t\t\t\t\t<span class=\"elementor-accordion-icon-closed\"><i class=\"fas fa-plus-circle\"><\/i><\/span>\n\t\t\t\t\t\t\t\t<span class=\"elementor-accordion-icon-opened\"><i class=\"fas fa-minus-circle\"><\/i><\/span>\n\t\t\t\t\t\t\t\t\t\t\t\t\t\t<\/span>\n\t\t\t\t\t\t\t\t\t\t\t\t<a class=\"elementor-accordion-title\" tabindex=\"0\">2. Payment of rent<\/a>\n\t\t\t\t\t<\/div>\n\t\t\t\t\t<div id=\"elementor-tab-content-2262\" class=\"elementor-tab-content elementor-clearfix\" data-tab=\"2\" role=\"region\" aria-labelledby=\"elementor-tab-title-2262\"><p>The tenant must pay the landlord the rent and additions to the rent according to the contract without reminder in advance no later than the last weekday before the end of each calendar month.<\/p><\/div>\n\t\t\t\t<\/div>\n\t\t\t\t\t\t\t<div class=\"elementor-accordion-item\">\n\t\t\t\t\t<div id=\"elementor-tab-title-2263\" class=\"elementor-tab-title\" data-tab=\"3\" role=\"button\" aria-controls=\"elementor-tab-content-2263\" aria-expanded=\"false\">\n\t\t\t\t\t\t\t\t\t\t\t\t\t<span class=\"elementor-accordion-icon elementor-accordion-icon-right\" aria-hidden=\"true\">\n\t\t\t\t\t\t\t\t\t\t\t\t\t\t\t<span class=\"elementor-accordion-icon-closed\"><i class=\"fas fa-plus-circle\"><\/i><\/span>\n\t\t\t\t\t\t\t\t<span class=\"elementor-accordion-icon-opened\"><i class=\"fas fa-minus-circle\"><\/i><\/span>\n\t\t\t\t\t\t\t\t\t\t\t\t\t\t<\/span>\n\t\t\t\t\t\t\t\t\t\t\t\t<a class=\"elementor-accordion-title\" tabindex=\"0\">3. Termination<\/a>\n\t\t\t\t\t<\/div>\n\t\t\t\t\t<div id=\"elementor-tab-content-2263\" class=\"elementor-tab-content elementor-clearfix\" data-tab=\"3\" role=\"region\" aria-labelledby=\"elementor-tab-title-2263\"><p><em>Until further notice agreement<br \/><\/em>The agreement must be terminated to cease to apply. If the landlord terminates the agreement, the termination date is effective 1 month from the termination date.<\/p><p>In case of termination by the tenant, 1 month's notice also applies there.<\/p><p><em>Fixed period<\/em><br \/>The rental period runs during the period specified in the agreement. The agreement may also be terminated before this time. In that case, the same notice period as for open-ended contracts applies.<\/p><\/div>\n\t\t\t\t<\/div>\n\t\t\t\t\t\t\t<div class=\"elementor-accordion-item\">\n\t\t\t\t\t<div id=\"elementor-tab-title-2264\" class=\"elementor-tab-title\" data-tab=\"4\" role=\"button\" aria-controls=\"elementor-tab-content-2264\" aria-expanded=\"false\">\n\t\t\t\t\t\t\t\t\t\t\t\t\t<span class=\"elementor-accordion-icon elementor-accordion-icon-right\" aria-hidden=\"true\">\n\t\t\t\t\t\t\t\t\t\t\t\t\t\t\t<span class=\"elementor-accordion-icon-closed\"><i class=\"fas fa-plus-circle\"><\/i><\/span>\n\t\t\t\t\t\t\t\t<span class=\"elementor-accordion-icon-opened\"><i class=\"fas fa-minus-circle\"><\/i><\/span>\n\t\t\t\t\t\t\t\t\t\t\t\t\t\t<\/span>\n\t\t\t\t\t\t\t\t\t\t\t\t<a class=\"elementor-accordion-title\" tabindex=\"0\">4. Liability<\/a>\n\t\t\t\t\t<\/div>\n\t\t\t\t\t<div id=\"elementor-tab-content-2264\" class=\"elementor-tab-content elementor-clearfix\" data-tab=\"4\" role=\"region\" aria-labelledby=\"elementor-tab-title-2264\"><p class=\"p1\">The apartment may only be used as a residence. The tenant may not assign this agreement to anyone else.<\/p>\n<p class=\"p1\"><em>The tenant also undertakes to<\/em><\/p>\n<ul>\n<li class=\"p1\">well cared for the apartment and the furniture etc. which is included in the rental.<\/li>\n<li class=\"p1\">not without special permission to put up notices, signs, awnings, outdoor antennas or the like on the property and to take care of removal and, where applicable, re-installation when repairing the property.<\/li>\n<li class=\"p1\">at your own expense, dispose of waste that is unsuitable for disposal, waste bins or waste rooms<\/li>\n<li class=\"p1\">follow the rules of order in the house<\/li>\n<li class=\"p1\">observe everything that is otherwise required to observe health, order and good condition in the property<\/li>\n<li class=\"p1\">upon moving out, leave the apartment well cleaned and then, together with the person in charge, inspect the rental property and hand over all door and door keys to the apartment, even if the keys were acquired by the tenant. health, order and good condition in the property<\/li>\n<li class=\"p1\">responsible for damage caused by abnormal wear and tear, for example due to smoking, grease stains and pets.<\/li>\n<li class=\"p1\">do not smoke in the accommodation and if this is done, a fine of at least SEK 20,000 is issued or if a renovation of the apartment is needed, the tenant is responsible for the amounts the renovation costs.<\/li>\n<\/ul><\/div>\n\t\t\t\t<\/div>\n\t\t\t\t\t\t\t<div class=\"elementor-accordion-item\">\n\t\t\t\t\t<div id=\"elementor-tab-title-2265\" class=\"elementor-tab-title\" data-tab=\"5\" role=\"button\" aria-controls=\"elementor-tab-content-2265\" aria-expanded=\"false\">\n\t\t\t\t\t\t\t\t\t\t\t\t\t<span class=\"elementor-accordion-icon elementor-accordion-icon-right\" aria-hidden=\"true\">\n\t\t\t\t\t\t\t\t\t\t\t\t\t\t\t<span class=\"elementor-accordion-icon-closed\"><i class=\"fas fa-plus-circle\"><\/i><\/span>\n\t\t\t\t\t\t\t\t<span class=\"elementor-accordion-icon-opened\"><i class=\"fas fa-minus-circle\"><\/i><\/span>\n\t\t\t\t\t\t\t\t\t\t\t\t\t\t<\/span>\n\t\t\t\t\t\t\t\t\t\t\t\t<a class=\"elementor-accordion-title\" tabindex=\"0\">5. Inventory &amp; inspection<\/a>\n\t\t\t\t\t<\/div>\n\t\t\t\t\t<div id=\"elementor-tab-content-2265\" class=\"elementor-tab-content elementor-clearfix\" data-tab=\"5\" role=\"region\" aria-labelledby=\"elementor-tab-title-2265\"><p>If the property is rented out furnished, you as the landlord should draw up an inventory list of the furniture and fixtures in the home. Any damage to the apartment and fixtures should also be noted in an inspection report.<\/p><p>The tenant signs the inventory list upon moving in and then confirms the inventory and the condition they are in. An inspection report should also be signed.<\/p><p>At the end of the rental period, it is the landlord's responsibility to check the inventory, inspect the home, and acknowledge and approve the tenant's care in an inspection protocol that is signed by both parties. Ensure that both parties receive a copy of the signed inventory list as well as the inspection report.<\/p><p>The tenant is responsible for damage to or loss of furniture or housing, unless he or she can prove that he or she and someone he or she is responsible for are not responsible for the damage.<\/p><p>To avoid misunderstandings, we urge both parties to photograph any damage to the rental property before moving in.<\/p><\/div>\n\t\t\t\t<\/div>\n\t\t\t\t\t\t\t\t<\/div>\n\t\t\t\t\t\t<\/div>\n\t\t\t\t<\/div>\n\t\t\t\t<\/div>\n\t\t<div class=\"elementor-element elementor-element-40fedcb e-con-full e-flex e-con e-parent\" data-id=\"40fedcb\" data-element_type=\"container\">\n\t\t\t\t<\/div>\n\t\t\t\t<\/div>\n\t\t\t\t<\/div>","protected":false},"excerpt":{"rendered":"<p>Allm\u00e4nna villkor f\u00f6r hyresg\u00e4ster N\u00e4r du utnyttjar n\u00e5gon av v\u00e5ra tj\u00e4nster s\u00e5 accepterar du automatiskt v\u00e5ra allm\u00e4nna villkor. 1. Avtal \/ Hyreskontrakt Power Staffing AB uppr\u00e4ttar alltid hyreskontraktet. Hyreskontraktet uppr\u00e4ttas i tv\u00e5 likalydande exemplar, varav det ena beh\u00e5lls av hyresv\u00e4rden och det andra av hyresg\u00e4sten. Samtliga kontrakt signeras alltid av b\u00e4gge parter. Hyra betalas inte [&hellip;]<\/p>","protected":false},"author":1,"featured_media":0,"parent":0,"menu_order":0,"comment_status":"closed","ping_status":"closed","template":"elementor_header_footer","meta":{"footnotes":""},"class_list":["post-1311","page","type-page","status-publish","hentry"],"_links":{"self":[{"href":"https:\/\/powerstaffing.se\/en\/wp-json\/wp\/v2\/pages\/1311","targetHints":{"allow":["GET"]}}],"collection":[{"href":"https:\/\/powerstaffing.se\/en\/wp-json\/wp\/v2\/pages"}],"about":[{"href":"https:\/\/powerstaffing.se\/en\/wp-json\/wp\/v2\/types\/page"}],"author":[{"embeddable":true,"href":"https:\/\/powerstaffing.se\/en\/wp-json\/wp\/v2\/users\/1"}],"replies":[{"embeddable":true,"href":"https:\/\/powerstaffing.se\/en\/wp-json\/wp\/v2\/comments?post=1311"}],"version-history":[{"count":41,"href":"https:\/\/powerstaffing.se\/en\/wp-json\/wp\/v2\/pages\/1311\/revisions"}],"predecessor-version":[{"id":1518,"href":"https:\/\/powerstaffing.se\/en\/wp-json\/wp\/v2\/pages\/1311\/revisions\/1518"}],"wp:attachment":[{"href":"https:\/\/powerstaffing.se\/en\/wp-json\/wp\/v2\/media?parent=1311"}],"curies":[{"name":"wp","href":"https:\/\/api.w.org\/{rel}","templated":true}]}}