{"id":1149,"date":"2022-08-25T18:42:46","date_gmt":"2022-08-25T18:42:46","guid":{"rendered":"https:\/\/powerstaffing.se\/?page_id=1149"},"modified":"2024-04-10T08:14:08","modified_gmt":"2024-04-10T08:14:08","slug":"housing-request","status":"publish","type":"page","link":"https:\/\/powerstaffing.se\/en\/housing-request\/","title":{"rendered":"Housing Request"},"content":{"rendered":"<div data-elementor-type=\"wp-page\" data-elementor-id=\"1149\" class=\"elementor elementor-1149\" data-elementor-post-type=\"page\">\n\t\t\t\t<div class=\"elementor-element elementor-element-10f7af9 e-con-full section e-flex e-con e-parent\" data-id=\"10f7af9\" data-element_type=\"container\" data-settings=\"{&quot;background_background&quot;:&quot;classic&quot;}\">\n\t\t\t\t<\/div>\n\t\t<div class=\"elementor-element elementor-element-45011f0 section py-5 e-con-full e-flex e-con e-parent\" data-id=\"45011f0\" data-element_type=\"container\">\n\t\t<div class=\"elementor-element elementor-element-145b310 e-con-full e-flex e-con e-child\" data-id=\"145b310\" data-element_type=\"container\">\n\t\t\t\t<div class=\"elementor-element elementor-element-1c897c9 elementor-widget elementor-widget-heading\" data-id=\"1c897c9\" data-element_type=\"widget\" data-widget_type=\"heading.default\">\n\t\t\t\t<div class=\"elementor-widget-container\">\n\t\t\t\t\t<h2 class=\"elementor-heading-title elementor-size-default\">Booking request housing<\/h2>\t\t\t\t<\/div>\n\t\t\t\t<\/div>\n\t\t\t\t<div class=\"elementor-element elementor-element-dcd13ba py-3 elementor-widget elementor-widget-text-editor\" data-id=\"dcd13ba\" data-element_type=\"widget\" data-widget_type=\"text-editor.default\">\n\t\t\t\t<div class=\"elementor-widget-container\">\n\t\t\t\t\t\t\t\t\tFill out the form below to send us your request. We will get back to you within 24 hours.\t\t\t\t\t\t\t\t<\/div>\n\t\t\t\t<\/div>\n\t\t\t\t<div class=\"elementor-element elementor-element-ce69421 elementor-widget elementor-widget-text-editor\" data-id=\"ce69421\" data-element_type=\"widget\" data-widget_type=\"text-editor.default\">\n\t\t\t\t<div class=\"elementor-widget-container\">\n\t\t\t\t\t\t\t\t\t<p>The following are always included in the price; internet, furniture, bedding, electricity, heating and water. See our general terms and conditions and frequently asked questions for more information.<\/p>\t\t\t\t\t\t\t\t<\/div>\n\t\t\t\t<\/div>\n\t\t\t\t<div class=\"elementor-element elementor-element-8f4d5c2 elementor-button-align-start py-5 elementor-widget elementor-widget-form\" data-id=\"8f4d5c2\" data-element_type=\"widget\" data-settings=\"{&quot;step_next_label&quot;:&quot;N\\u00e4sta&quot;,&quot;step_previous_label&quot;:&quot;F\\u00f6reg\\u00e5ende&quot;,&quot;step_type&quot;:&quot;number_text&quot;,&quot;step_icon_shape&quot;:&quot;circle&quot;}\" data-widget_type=\"form.default\">\n\t\t\t\t<div class=\"elementor-widget-container\">\n\t\t\t\t\t\t\t<form class=\"elementor-form\" method=\"post\" name=\"Nytt formul\u00e4r\" action=\"\">\n\t\t\t<input type=\"hidden\" name=\"post_id\" value=\"1149\"\/>\n\t\t\t<input type=\"hidden\" name=\"form_id\" value=\"8f4d5c2\"\/>\n\t\t\t<input type=\"hidden\" name=\"referer_title\" value=\"\" \/>\n\n\t\t\t\n\t\t\t<div class=\"elementor-form-fields-wrapper elementor-labels-\">\n\t\t\t\t\t\t\t\t<div class=\"elementor-field-type-html elementor-field-group elementor-column elementor-field-group-field_6e9210c elementor-col-100\">\n\t\t\t\t\t<b>Your address details<\/b>\t\t\t\t<\/div>\n\t\t\t\t\t\t\t\t<div class=\"elementor-field-type-text elementor-field-group elementor-column elementor-field-group-name elementor-col-50 elementor-field-required\">\n\t\t\t\t\t\t\t\t\t\t\t\t<label for=\"form-field-name\" class=\"elementor-field-label elementor-screen-only\">\n\t\t\t\t\t\t\t\tFirst name\t\t\t\t\t\t\t<\/label>\n\t\t\t\t\t\t\t\t\t\t\t\t\t\t<input size=\"1\" type=\"text\" name=\"form_fields[name]\" id=\"form-field-name\" class=\"elementor-field elementor-size-sm  elementor-field-textual\" placeholder=\"First name\" required=\"required\" aria-required=\"true\">\n\t\t\t\t\t\t\t\t\t\t\t<\/div>\n\t\t\t\t\t\t\t\t<div class=\"elementor-field-type-text elementor-field-group elementor-column elementor-field-group-field_cc3cac7 elementor-col-50 elementor-field-required\">\n\t\t\t\t\t\t\t\t\t\t\t\t<label for=\"form-field-field_cc3cac7\" class=\"elementor-field-label elementor-screen-only\">\n\t\t\t\t\t\t\t\tLast name\t\t\t\t\t\t\t<\/label>\n\t\t\t\t\t\t\t\t\t\t\t\t\t\t<input size=\"1\" type=\"text\" name=\"form_fields[field_cc3cac7]\" id=\"form-field-field_cc3cac7\" class=\"elementor-field elementor-size-sm  elementor-field-textual\" placeholder=\"Last name\" required=\"required\" aria-required=\"true\">\n\t\t\t\t\t\t\t\t\t\t\t<\/div>\n\t\t\t\t\t\t\t\t<div class=\"elementor-field-type-email elementor-field-group elementor-column elementor-field-group-email elementor-col-50 elementor-field-required\">\n\t\t\t\t\t\t\t\t\t\t\t\t<label for=\"form-field-email\" class=\"elementor-field-label elementor-screen-only\">\n\t\t\t\t\t\t\t\tEmail\t\t\t\t\t\t\t<\/label>\n\t\t\t\t\t\t\t\t\t\t\t\t\t\t<input size=\"1\" type=\"email\" name=\"form_fields[email]\" id=\"form-field-email\" class=\"elementor-field elementor-size-sm  elementor-field-textual\" placeholder=\"Email\" required=\"required\" aria-required=\"true\">\n\t\t\t\t\t\t\t\t\t\t\t<\/div>\n\t\t\t\t\t\t\t\t<div class=\"elementor-field-type-text elementor-field-group elementor-column elementor-field-group-field_e69ee97 elementor-col-50 elementor-field-required\">\n\t\t\t\t\t\t\t\t\t\t\t\t<label for=\"form-field-field_e69ee97\" class=\"elementor-field-label elementor-screen-only\">\n\t\t\t\t\t\t\t\tMobile phone\t\t\t\t\t\t\t<\/label>\n\t\t\t\t\t\t\t\t\t\t\t\t\t\t<input size=\"1\" type=\"text\" name=\"form_fields[field_e69ee97]\" id=\"form-field-field_e69ee97\" class=\"elementor-field elementor-size-sm  elementor-field-textual\" placeholder=\"Mobile phone\" required=\"required\" aria-required=\"true\">\n\t\t\t\t\t\t\t\t\t\t\t<\/div>\n\t\t\t\t\t\t\t\t<div class=\"elementor-field-type-text elementor-field-group elementor-column elementor-field-group-field_0ea22ba elementor-col-50\">\n\t\t\t\t\t\t\t\t\t\t\t\t<label for=\"form-field-field_0ea22ba\" class=\"elementor-field-label elementor-screen-only\">\n\t\t\t\t\t\t\t\tCompany name\t\t\t\t\t\t\t<\/label>\n\t\t\t\t\t\t\t\t\t\t\t\t\t\t<input size=\"1\" type=\"text\" name=\"form_fields[field_0ea22ba]\" id=\"form-field-field_0ea22ba\" class=\"elementor-field elementor-size-sm  elementor-field-textual\" placeholder=\"Company name\">\n\t\t\t\t\t\t\t\t\t\t\t<\/div>\n\t\t\t\t\t\t\t\t<div class=\"elementor-field-type-html elementor-field-group elementor-column elementor-field-group-field_6dfb936 elementor-col-100\">\n\t\t\t\t\t<div style=\"padding-top: 25px; font-weight: bold;\">Information about the accommodation and your stay<\/div>\n\t\t\t\t<\/div>\n\t\t\t\t\t\t\t\t<div class=\"elementor-field-type-text elementor-field-group elementor-column elementor-field-group-field_2b4cd0d elementor-col-100 elementor-field-required\">\n\t\t\t\t\t\t\t\t\t\t\t\t<label for=\"form-field-field_2b4cd0d\" class=\"elementor-field-label elementor-screen-only\">\n\t\t\t\t\t\t\t\tAddress to workplace\/project\t\t\t\t\t\t\t<\/label>\n\t\t\t\t\t\t\t\t\t\t\t\t\t\t<input size=\"1\" type=\"text\" name=\"form_fields[field_2b4cd0d]\" id=\"form-field-field_2b4cd0d\" class=\"elementor-field elementor-size-sm  elementor-field-textual\" placeholder=\"Address to workplace\/project\" required=\"required\" aria-required=\"true\">\n\t\t\t\t\t\t\t\t\t\t\t<\/div>\n\t\t\t\t\t\t\t\t<div class=\"elementor-field-type-text elementor-field-group elementor-column elementor-field-group-field_d96cda5 elementor-col-50 elementor-field-required\">\n\t\t\t\t\t\t\t\t\t\t\t\t<label for=\"form-field-field_d96cda5\" class=\"elementor-field-label elementor-screen-only\">\n\t\t\t\t\t\t\t\tZIP code\t\t\t\t\t\t\t<\/label>\n\t\t\t\t\t\t\t\t\t\t\t\t\t\t<input size=\"1\" type=\"text\" name=\"form_fields[field_d96cda5]\" id=\"form-field-field_d96cda5\" class=\"elementor-field elementor-size-sm  elementor-field-textual\" placeholder=\"ZIP code\" required=\"required\" aria-required=\"true\">\n\t\t\t\t\t\t\t\t\t\t\t<\/div>\n\t\t\t\t\t\t\t\t<div class=\"elementor-field-type-text elementor-field-group elementor-column elementor-field-group-field_e320730 elementor-col-50 elementor-field-required\">\n\t\t\t\t\t\t\t\t\t\t\t\t<label for=\"form-field-field_e320730\" class=\"elementor-field-label elementor-screen-only\">\n\t\t\t\t\t\t\t\tCity\t\t\t\t\t\t\t<\/label>\n\t\t\t\t\t\t\t\t\t\t\t\t\t\t<input size=\"1\" type=\"text\" name=\"form_fields[field_e320730]\" id=\"form-field-field_e320730\" class=\"elementor-field elementor-size-sm  elementor-field-textual\" placeholder=\"City\" required=\"required\" aria-required=\"true\">\n\t\t\t\t\t\t\t\t\t\t\t<\/div>\n\t\t\t\t\t\t\t\t<div class=\"elementor-field-type-html elementor-field-group elementor-column elementor-field-group-field_6baa108 elementor-col-50\">\n\t\t\t\t\t<div style=\"padding-top: 10px; font-weight: normal;\">Access date<\/div>\n\t\t\t\t<\/div>\n\t\t\t\t\t\t\t\t<div class=\"elementor-field-type-date elementor-field-group elementor-column elementor-field-group-field_2b99a2f elementor-col-50\">\n\t\t\t\t\t\t\t\t\t\t\t\t<label for=\"form-field-field_2b99a2f\" class=\"elementor-field-label elementor-screen-only\">\n\t\t\t\t\t\t\t\tAnkomstdatum\t\t\t\t\t\t\t<\/label>\n\t\t\t\t\t\t\n\t\t<input type=\"date\" name=\"form_fields[field_2b99a2f]\" id=\"form-field-field_2b99a2f\" class=\"elementor-field elementor-size-sm  elementor-field-textual elementor-date-field elementor-use-native\" placeholder=\"Ankomstdatum\" pattern=\"[0-9]{4}-[0-9]{2}-[0-9]{2}\">\n\t\t\t\t\t\t<\/div>\n\t\t\t\t\t\t\t\t<div class=\"elementor-field-type-html elementor-field-group elementor-column elementor-field-group-field_bbb58fb elementor-col-50\">\n\t\t\t\t\t<div style=\"padding-top: 10px; font-weight: normal;\">Leave date<\/div>\n\t\t\t\t<\/div>\n\t\t\t\t\t\t\t\t<div class=\"elementor-field-type-date elementor-field-group elementor-column elementor-field-group-field_dd5d692 elementor-col-50\">\n\t\t\t\t\t\t\t\t\t\t\t\t<label for=\"form-field-field_dd5d692\" class=\"elementor-field-label elementor-screen-only\">\n\t\t\t\t\t\t\t\tAvresedatum\t\t\t\t\t\t\t<\/label>\n\t\t\t\t\t\t\n\t\t<input type=\"date\" name=\"form_fields[field_dd5d692]\" id=\"form-field-field_dd5d692\" class=\"elementor-field elementor-size-sm  elementor-field-textual elementor-date-field elementor-use-native\" placeholder=\"Avresedatum\" pattern=\"[0-9]{4}-[0-9]{2}-[0-9]{2}\">\n\t\t\t\t\t\t<\/div>\n\t\t\t\t\t\t\t\t<div class=\"elementor-field-type-text elementor-field-group elementor-column elementor-field-group-field_7375038 elementor-col-50 elementor-field-required\">\n\t\t\t\t\t\t\t\t\t\t\t\t<label for=\"form-field-field_7375038\" class=\"elementor-field-label elementor-screen-only\">\n\t\t\t\t\t\t\t\tNumber of beds in double rooms\t\t\t\t\t\t\t<\/label>\n\t\t\t\t\t\t\t\t\t\t\t\t\t\t<input size=\"1\" type=\"text\" name=\"form_fields[field_7375038]\" id=\"form-field-field_7375038\" class=\"elementor-field elementor-size-sm  elementor-field-textual\" placeholder=\"Number of beds in double rooms\" required=\"required\" aria-required=\"true\">\n\t\t\t\t\t\t\t\t\t\t\t<\/div>\n\t\t\t\t\t\t\t\t<div class=\"elementor-field-type-text elementor-field-group elementor-column elementor-field-group-field_553c197 elementor-col-50 elementor-field-required\">\n\t\t\t\t\t\t\t\t\t\t\t\t<label for=\"form-field-field_553c197\" class=\"elementor-field-label elementor-screen-only\">\n\t\t\t\t\t\t\t\tNumber of beds in single rooms\t\t\t\t\t\t\t<\/label>\n\t\t\t\t\t\t\t\t\t\t\t\t\t\t<input size=\"1\" type=\"text\" name=\"form_fields[field_553c197]\" id=\"form-field-field_553c197\" class=\"elementor-field elementor-size-sm  elementor-field-textual\" placeholder=\"Number of beds in single rooms\" required=\"required\" aria-required=\"true\">\n\t\t\t\t\t\t\t\t\t\t\t<\/div>\n\t\t\t\t\t\t\t\t<div class=\"elementor-field-type-text elementor-field-group elementor-column elementor-field-group-field_552fea9 elementor-col-50 elementor-field-required\">\n\t\t\t\t\t\t\t\t\t\t\t\t<label for=\"form-field-field_552fea9\" class=\"elementor-field-label elementor-screen-only\">\n\t\t\t\t\t\t\t\tBudget\t\t\t\t\t\t\t<\/label>\n\t\t\t\t\t\t\t\t\t\t\t\t\t\t<input size=\"1\" type=\"text\" name=\"form_fields[field_552fea9]\" id=\"form-field-field_552fea9\" class=\"elementor-field elementor-size-sm  elementor-field-textual\" placeholder=\"Budget per person\" required=\"required\" aria-required=\"true\">\n\t\t\t\t\t\t\t\t\t\t\t<\/div>\n\t\t\t\t\t\t\t\t<div class=\"elementor-field-type-textarea elementor-field-group elementor-column elementor-field-group-message elementor-col-100\">\n\t\t\t\t\t\t\t\t\t\t\t\t<label for=\"form-field-message\" class=\"elementor-field-label elementor-screen-only\">\n\t\t\t\t\t\t\t\tMessage to us\t\t\t\t\t\t\t<\/label>\n\t\t\t\t\t\t<textarea class=\"elementor-field-textual elementor-field  elementor-size-sm\" name=\"form_fields[message]\" id=\"form-field-message\" rows=\"10\" placeholder=\"Message to us\"><\/textarea>\t\t\t\t<\/div>\n\t\t\t\t\t\t\t\t<div class=\"elementor-field-type-acceptance elementor-field-group elementor-column elementor-field-group-field_dffb21e elementor-col-100 elementor-field-required\">\n\t\t\t\t\t\t\t\t\t\t\t\t<label for=\"form-field-field_dffb21e\" class=\"elementor-field-label elementor-screen-only\">\n\t\t\t\t\t\t\t\tGodk\u00e4nnande\t\t\t\t\t\t\t<\/label>\n\t\t\t\t\t\t\t\t<div class=\"elementor-field-subgroup\">\n\t\t\t<span class=\"elementor-field-option\">\n\t\t\t\t<input type=\"checkbox\" name=\"form_fields[field_dffb21e]\" id=\"form-field-field_dffb21e\" class=\"elementor-field elementor-size-sm  elementor-acceptance-field\" required=\"required\" aria-required=\"true\">\n\t\t\t\t<label for=\"form-field-field_dffb21e\">I have read and accepted our general terms and conditions. <a href=\"\/en\/terms-tenants\/\" target=\"_blank\">Read our general terms and conditions for tenants.<\/a><\/label>\t\t\t<\/span>\n\t\t<\/div>\n\t\t\t\t\t\t<\/div>\n\t\t\t\t\t\t\t\t<div class=\"elementor-field-group elementor-column elementor-field-type-submit elementor-col-100 e-form__buttons\">\n\t\t\t\t\t<button class=\"elementor-button elementor-size-md\" type=\"submit\">\n\t\t\t\t\t\t<span class=\"elementor-button-content-wrapper\">\n\t\t\t\t\t\t\t\t\t\t\t\t\t\t\t\t\t\t\t\t\t\t<span class=\"elementor-button-text\">Send booking request<\/span>\n\t\t\t\t\t\t\t\t\t\t\t\t\t<\/span>\n\t\t\t\t\t<\/button>\n\t\t\t\t<\/div>\n\t\t\t<\/div>\n\t\t<input type=\"hidden\" name=\"trp-form-language\" value=\"en\"\/><\/form>\n\t\t\t\t\t\t<\/div>\n\t\t\t\t<\/div>\n\t\t\t\t<\/div>\n\t\t<div class=\"elementor-element elementor-element-9153390 e-con-full e-flex e-con e-child\" data-id=\"9153390\" data-element_type=\"container\">\n\t\t\t\t<div class=\"elementor-element elementor-element-38b2e68 elementor-cta--skin-cover elementor-animated-content elementor-bg-transform elementor-bg-transform-zoom-in elementor-widget elementor-widget-call-to-action\" data-id=\"38b2e68\" data-element_type=\"widget\" data-widget_type=\"call-to-action.default\">\n\t\t\t\t<div class=\"elementor-widget-container\">\n\t\t\t\t\t\t\t<a class=\"elementor-cta\" href=\"https:\/\/powerstaffing.se\/en\/terms-tenants\/\">\n\t\t\t\t\t<div class=\"elementor-cta__bg-wrapper\">\n\t\t\t\t<div class=\"elementor-cta__bg elementor-bg\" style=\"background-image: url(https:\/\/powerstaffing.se\/wp-content\/uploads\/2022\/07\/AdobeStock_139341287-1024x694.jpeg);\" role=\"img\" aria-label=\"Mani con chiavi con sfondo porta di casa\"><\/div>\n\t\t\t\t<div class=\"elementor-cta__bg-overlay\"><\/div>\n\t\t\t<\/div>\n\t\t\t\t\t\t\t<div class=\"elementor-cta__content\">\n\t\t\t\t\n\t\t\t\t\t\t\t\t\t<h3 class=\"elementor-cta__title elementor-cta__content-item elementor-content-item elementor-animated-item--grow\">\n\t\t\t\t\t\tRead our general terms and conditions for tenants.\t\t\t\t\t<\/h3>\n\t\t\t\t\n\t\t\t\t\n\t\t\t\t\t\t\t\t\t<div class=\"elementor-cta__button-wrapper elementor-cta__content-item elementor-content-item elementor-animated-item--grow\">\n\t\t\t\t\t<span class=\"elementor-cta__button elementor-button elementor-size-\">\n\t\t\t\t\t\tConditions\t\t\t\t\t<\/span>\n\t\t\t\t\t<\/div>\n\t\t\t\t\t\t\t<\/div>\n\t\t\t\t\t\t<\/a>\n\t\t\t\t\t\t<\/div>\n\t\t\t\t<\/div>\n\t\t<div class=\"elementor-element elementor-element-06b5c48 e-con-full e-flex e-con e-child\" data-id=\"06b5c48\" data-element_type=\"container\">\n\t\t\t\t<div class=\"elementor-element elementor-element-6feb4d9 elementor-position-left elementor-vertical-align-top elementor-widget elementor-widget-image-box\" data-id=\"6feb4d9\" data-element_type=\"widget\" data-widget_type=\"image-box.default\">\n\t\t\t\t<div class=\"elementor-widget-container\">\n\t\t\t\t\t<div class=\"elementor-image-box-wrapper\"><figure class=\"elementor-image-box-img\"><img fetchpriority=\"high\" decoding=\"async\" width=\"300\" height=\"300\" src=\"https:\/\/powerstaffing.se\/wp-content\/uploads\/2022\/08\/Micke_sv-300x300.png\" class=\"attachment-medium size-medium wp-image-1478\" alt=\"\" srcset=\"https:\/\/powerstaffing.se\/wp-content\/uploads\/2022\/08\/Micke_sv-300x300.png 300w, https:\/\/powerstaffing.se\/wp-content\/uploads\/2022\/08\/Micke_sv-1024x1024.png 1024w, https:\/\/powerstaffing.se\/wp-content\/uploads\/2022\/08\/Micke_sv-150x150.png 150w, https:\/\/powerstaffing.se\/wp-content\/uploads\/2022\/08\/Micke_sv-768x768.png 768w, https:\/\/powerstaffing.se\/wp-content\/uploads\/2022\/08\/Micke_sv-1536x1536.png 1536w, https:\/\/powerstaffing.se\/wp-content\/uploads\/2022\/08\/Micke_sv-2048x2048.png 2048w, https:\/\/powerstaffing.se\/wp-content\/uploads\/2022\/08\/Micke_sv-12x12.png 12w\" sizes=\"(max-width: 300px) 100vw, 300px\" \/><\/figure><div class=\"elementor-image-box-content\"><h3 class=\"elementor-image-box-title\">Micke Hagerman<\/h3><p class=\"elementor-image-box-description\">+46(0)73-5858778<br \/>\n<a href=\"mailto:micke@powerstaffing.se\">micke@powerstaffing.se<\/a><\/p><\/div><\/div>\t\t\t\t<\/div>\n\t\t\t\t<\/div>\n\t\t\t\t<\/div>\n\t\t\t\t<\/div>\n\t\t\t\t<\/div>\n\t\t\t\t<\/div>","protected":false},"excerpt":{"rendered":"<p>Bokningsf\u00f6rfr\u00e5gan boende Fyll i formul\u00e4ret nedan f\u00f6r att skicka din f\u00f6rfr\u00e5gan till oss. Vi \u00e5terkommer till dig inom 24 timmar. F\u00f6ljande \u00e4r alltid med i priset; internet, m\u00f6bler, s\u00e4ngkl\u00e4der, el, v\u00e4rme och vatten. Se v\u00e5ra allm\u00e4nna villkor samt vanliga fr\u00e5gor och svar f\u00f6r mer information. L\u00e4s v\u00e5ra allm\u00e4nna villkor f\u00f6r hyresg\u00e4ster Villkor Micke Hagerman +46(0)73-5858778 [&hellip;]<\/p>","protected":false},"author":1,"featured_media":0,"parent":0,"menu_order":0,"comment_status":"closed","ping_status":"closed","template":"elementor_header_footer","meta":{"footnotes":""},"class_list":["post-1149","page","type-page","status-publish","hentry"],"_links":{"self":[{"href":"https:\/\/powerstaffing.se\/en\/wp-json\/wp\/v2\/pages\/1149","targetHints":{"allow":["GET"]}}],"collection":[{"href":"https:\/\/powerstaffing.se\/en\/wp-json\/wp\/v2\/pages"}],"about":[{"href":"https:\/\/powerstaffing.se\/en\/wp-json\/wp\/v2\/types\/page"}],"author":[{"embeddable":true,"href":"https:\/\/powerstaffing.se\/en\/wp-json\/wp\/v2\/users\/1"}],"replies":[{"embeddable":true,"href":"https:\/\/powerstaffing.se\/en\/wp-json\/wp\/v2\/comments?post=1149"}],"version-history":[{"count":112,"href":"https:\/\/powerstaffing.se\/en\/wp-json\/wp\/v2\/pages\/1149\/revisions"}],"predecessor-version":[{"id":1595,"href":"https:\/\/powerstaffing.se\/en\/wp-json\/wp\/v2\/pages\/1149\/revisions\/1595"}],"wp:attachment":[{"href":"https:\/\/powerstaffing.se\/en\/wp-json\/wp\/v2\/media?parent=1149"}],"curies":[{"name":"wp","href":"https:\/\/api.w.org\/{rel}","templated":true}]}}